{"id":253,"date":"2025-01-15T13:23:03","date_gmt":"2025-01-15T12:23:03","guid":{"rendered":"https:\/\/mideer.store\/produkt\/marcadores-lavables-con-doble-punta-24-colores\/"},"modified":"2026-04-12T16:59:12","modified_gmt":"2026-04-12T14:59:12","slug":"marcadores-lavables-con-doble-punta-24-colores","status":"publish","type":"product","link":"https:\/\/mideer.store\/eu\/product-2\/marcadores-lavables-con-doble-punta-24-colores\/","title":{"rendered":"Marcadores lavables con doble punta &#8211; 24 colores"},"content":{"rendered":"<p>Los marcadores lavables de doble punta son herramientas vers\u00e1tiles para dibujar que ayudan a desarrollar la creatividad sin generar desorden adicional. Cada marcador tiene una punta suave para trazos precisos y una punta c\u00f3nica para hacer l\u00edneas m\u00e1s gruesas y contornos. Los marcadores contienen tinta lavable que se puede eliminar f\u00e1cilmente de la piel, la ropa y los muebles con agua tibia, lo que da tranquilidad a los padres. No limites la creatividad de los ni\u00f1os; \u00a1d\u00e9jales ir m\u00e1s all\u00e1 de las l\u00edneas una o dos veces! Y el resto se limpiar\u00e1 sin problemas.<\/p>\n<p>Dimensiones del embalaje: 11,5 cm x 7,5 cm x 17 cm Material: tinta a base de agua<\/p>","protected":false},"excerpt":{"rendered":"<p>Los marcadores lavables de doble punta son herramientas vers\u00e1tiles para dibujar que ayudan a desarrollar la creatividad sin generar desorden<\/p>","protected":false},"featured_media":947,"comment_status":"closed","ping_status":"closed","template":"","meta":{"om_disable_all_campaigns":false,"_monsterinsights_skip_tracking":false,"_monsterinsights_sitenote_active":false,"_monsterinsights_sitenote_note":"","_monsterinsights_sitenote_category":0,"_links_to":"","_links_to_target":""},"product_brand":[],"product_cat":[74,75,84,104],"product_tag":[108,132,186,133],"class_list":{"0":"post-253","1":"product","2":"type-product","3":"status-publish","4":"has-post-thumbnail","6":"product_cat-creacion-conjunta","7":"product_cat-dibujo-y-pintura","8":"product_cat-marcadores","9":"product_cat-bts","10":"product_tag-108","11":"product_tag-adultos","12":"product_tag-lavables","13":"product_tag-vuelta-al-cole","15":"first","16":"instock","17":"taxable","18":"shipping-taxable","19":"purchasable","20":"product-type-simple"},"aioseo_notices":[],"_links":{"self":[{"href":"https:\/\/mideer.store\/eu\/wp-json\/wp\/v2\/product\/253","targetHints":{"allow":["GET"]}}],"collection":[{"href":"https:\/\/mideer.store\/eu\/wp-json\/wp\/v2\/product"}],"about":[{"href":"https:\/\/mideer.store\/eu\/wp-json\/wp\/v2\/types\/product"}],"replies":[{"embeddable":true,"href":"https:\/\/mideer.store\/eu\/wp-json\/wp\/v2\/comments?post=253"}],"wp:featuredmedia":[{"embeddable":true,"href":"https:\/\/mideer.store\/eu\/wp-json\/wp\/v2\/media\/947"}],"wp:attachment":[{"href":"https:\/\/mideer.store\/eu\/wp-json\/wp\/v2\/media?parent=253"}],"wp:term":[{"taxonomy":"product_brand","embeddable":true,"href":"https:\/\/mideer.store\/eu\/wp-json\/wp\/v2\/product_brand?post=253"},{"taxonomy":"product_cat","embeddable":true,"href":"https:\/\/mideer.store\/eu\/wp-json\/wp\/v2\/product_cat?post=253"},{"taxonomy":"product_tag","embeddable":true,"href":"https:\/\/mideer.store\/eu\/wp-json\/wp\/v2\/product_tag?post=253"}],"curies":[{"name":"wp","href":"https:\/\/api.w.org\/{rel}","templated":true}]}}